{"id":28,"date":"2024-08-26T23:32:14","date_gmt":"2024-08-27T02:32:14","guid":{"rendered":"https:\/\/omnisolveit.com.br\/index.php\/colibri-wp\/"},"modified":"2025-07-31T19:56:43","modified_gmt":"2025-07-31T22:56:43","slug":"colibri-wp","status":"publish","type":"page","link":"https:\/\/omnisolveit.com.br\/","title":{"rendered":"HOME"},"content":{"rendered":"\t\t<div data-elementor-type=\"wp-page\" data-elementor-id=\"28\" class=\"elementor elementor-28\">\n\t\t\t\t<div class=\"elementor-element elementor-element-973fd95 e-flex e-con-boxed e-con e-parent\" data-id=\"973fd95\" data-element_type=\"container\" data-settings=\"{&quot;background_background&quot;:&quot;classic&quot;}\">\n\t\t\t\t\t<div class=\"e-con-inner\">\n\t\t\t\t<div class=\"elementor-element elementor-element-cd6069a elementor-widget elementor-widget-spacer\" data-id=\"cd6069a\" data-element_type=\"widget\" data-widget_type=\"spacer.default\">\n\t\t\t\t<div class=\"elementor-widget-container\">\n\t\t\t<style>\/*! elementor - v3.23.0 - 05-08-2024 *\/\n.elementor-column .elementor-spacer-inner{height:var(--spacer-size)}.e-con{--container-widget-width:100%}.e-con-inner>.elementor-widget-spacer,.e-con>.elementor-widget-spacer{width:var(--container-widget-width,var(--spacer-size));--align-self:var(--container-widget-align-self,initial);--flex-shrink:0}.e-con-inner>.elementor-widget-spacer>.elementor-widget-container,.e-con>.elementor-widget-spacer>.elementor-widget-container{height:100%;width:100%}.e-con-inner>.elementor-widget-spacer>.elementor-widget-container>.elementor-spacer,.e-con>.elementor-widget-spacer>.elementor-widget-container>.elementor-spacer{height:100%}.e-con-inner>.elementor-widget-spacer>.elementor-widget-container>.elementor-spacer>.elementor-spacer-inner,.e-con>.elementor-widget-spacer>.elementor-widget-container>.elementor-spacer>.elementor-spacer-inner{height:var(--container-widget-height,var(--spacer-size))}.e-con-inner>.elementor-widget-spacer.elementor-widget-empty,.e-con>.elementor-widget-spacer.elementor-widget-empty{position:relative;min-height:22px;min-width:22px}.e-con-inner>.elementor-widget-spacer.elementor-widget-empty .elementor-widget-empty-icon,.e-con>.elementor-widget-spacer.elementor-widget-empty .elementor-widget-empty-icon{position:absolute;top:0;bottom:0;left:0;right:0;margin:auto;padding:0;width:22px;height:22px}<\/style>\t\t<div class=\"elementor-spacer\">\n\t\t\t<div class=\"elementor-spacer-inner\"><\/div>\n\t\t<\/div>\n\t\t\t\t<\/div>\n\t\t\t\t<\/div>\n\t\t\t\t\t<\/div>\n\t\t\t\t<\/div>\n\t\t<div class=\"elementor-element elementor-element-f31df15 e-flex e-con-boxed e-con e-parent\" data-id=\"f31df15\" data-element_type=\"container\" data-settings=\"{&quot;background_background&quot;:&quot;classic&quot;}\">\n\t\t\t\t\t<div class=\"e-con-inner\">\n\t\t\t\t<div class=\"elementor-element elementor-element-0b6dcce elementor-widget elementor-widget-heading\" data-id=\"0b6dcce\" data-element_type=\"widget\" data-widget_type=\"heading.default\">\n\t\t\t\t<div class=\"elementor-widget-container\">\n\t\t\t<style>\/*! elementor - v3.23.0 - 05-08-2024 *\/\n.elementor-heading-title{padding:0;margin:0;line-height:1}.elementor-widget-heading .elementor-heading-title[class*=elementor-size-]>a{color:inherit;font-size:inherit;line-height:inherit}.elementor-widget-heading .elementor-heading-title.elementor-size-small{font-size:15px}.elementor-widget-heading .elementor-heading-title.elementor-size-medium{font-size:19px}.elementor-widget-heading .elementor-heading-title.elementor-size-large{font-size:29px}.elementor-widget-heading .elementor-heading-title.elementor-size-xl{font-size:39px}.elementor-widget-heading .elementor-heading-title.elementor-size-xxl{font-size:59px}<\/style><h2 class=\"elementor-heading-title elementor-size-default\">Solu\u00e7\u00f5es em TI para todas as demandas<\/h2>\t\t<\/div>\n\t\t\t\t<\/div>\n\t\t\t\t\t<\/div>\n\t\t\t\t<\/div>\n\t\t<div class=\"elementor-element elementor-element-6d58af9 e-flex e-con-boxed e-con e-parent\" data-id=\"6d58af9\" data-element_type=\"container\" data-settings=\"{&quot;background_background&quot;:&quot;classic&quot;}\">\n\t\t\t\t\t<div class=\"e-con-inner\">\n\t\t<div class=\"elementor-element elementor-element-ab24f1d e-grid e-con-full e-con e-child\" data-id=\"ab24f1d\" data-element_type=\"container\">\n\t\t\t\t<div class=\"elementor-element elementor-element-3d5ac70 elementor-widget elementor-widget-image\" data-id=\"3d5ac70\" data-element_type=\"widget\" data-widget_type=\"image.default\">\n\t\t\t\t<div class=\"elementor-widget-container\">\n\t\t\t<style>\/*! elementor - v3.23.0 - 05-08-2024 *\/\n.elementor-widget-image{text-align:center}.elementor-widget-image a{display:inline-block}.elementor-widget-image a img[src$=\".svg\"]{width:48px}.elementor-widget-image img{vertical-align:middle;display:inline-block}<\/style>\t\t\t\t\t\t\t\t\t\t<img fetchpriority=\"high\" decoding=\"async\" width=\"1024\" height=\"683\" src=\"https:\/\/omnisolveit.com.br\/wp-content\/uploads\/2024\/08\/pexels-athena-2582931-1024x683.jpg\" class=\"attachment-large size-large wp-image-163\" alt=\"\" srcset=\"https:\/\/omnisolveit.com.br\/wp-content\/uploads\/2024\/08\/pexels-athena-2582931-1024x683.jpg 1024w, https:\/\/omnisolveit.com.br\/wp-content\/uploads\/2024\/08\/pexels-athena-2582931-300x200.jpg 300w, https:\/\/omnisolveit.com.br\/wp-content\/uploads\/2024\/08\/pexels-athena-2582931-768x512.jpg 768w, https:\/\/omnisolveit.com.br\/wp-content\/uploads\/2024\/08\/pexels-athena-2582931-1536x1024.jpg 1536w, https:\/\/omnisolveit.com.br\/wp-content\/uploads\/2024\/08\/pexels-athena-2582931-2048x1365.jpg 2048w\" sizes=\"(max-width: 1024px) 100vw, 1024px\" \/>\t\t\t\t\t\t\t\t\t\t\t\t\t<\/div>\n\t\t\t\t<\/div>\n\t\t\t\t<div class=\"elementor-element elementor-element-0742282 elementor-widget elementor-widget-image\" data-id=\"0742282\" data-element_type=\"widget\" data-widget_type=\"image.default\">\n\t\t\t\t<div class=\"elementor-widget-container\">\n\t\t\t\t\t\t\t\t\t\t\t\t\t<img decoding=\"async\" width=\"1024\" height=\"683\" src=\"https:\/\/omnisolveit.com.br\/wp-content\/uploads\/2024\/08\/cropped-pexels-maumascaro-912388-scaled-1-1024x683.jpg\" class=\"attachment-large size-large wp-image-155\" alt=\"\" srcset=\"https:\/\/omnisolveit.com.br\/wp-content\/uploads\/2024\/08\/cropped-pexels-maumascaro-912388-scaled-1-1024x683.jpg 1024w, https:\/\/omnisolveit.com.br\/wp-content\/uploads\/2024\/08\/cropped-pexels-maumascaro-912388-scaled-1-300x200.jpg 300w, https:\/\/omnisolveit.com.br\/wp-content\/uploads\/2024\/08\/cropped-pexels-maumascaro-912388-scaled-1-768x512.jpg 768w, https:\/\/omnisolveit.com.br\/wp-content\/uploads\/2024\/08\/cropped-pexels-maumascaro-912388-scaled-1-1536x1025.jpg 1536w, https:\/\/omnisolveit.com.br\/wp-content\/uploads\/2024\/08\/cropped-pexels-maumascaro-912388-scaled-1-2048x1366.jpg 2048w\" sizes=\"(max-width: 1024px) 100vw, 1024px\" \/>\t\t\t\t\t\t\t\t\t\t\t\t\t<\/div>\n\t\t\t\t<\/div>\n\t\t\t\t<div class=\"elementor-element elementor-element-931f443 elementor-widget elementor-widget-image\" data-id=\"931f443\" data-element_type=\"widget\" data-widget_type=\"image.default\">\n\t\t\t\t<div class=\"elementor-widget-container\">\n\t\t\t\t\t\t\t\t\t\t\t\t\t<img decoding=\"async\" width=\"1024\" height=\"696\" src=\"https:\/\/omnisolveit.com.br\/wp-content\/uploads\/2024\/08\/pexels-johnpet-2115257-1024x696.jpg\" class=\"attachment-large size-large wp-image-165\" alt=\"\" srcset=\"https:\/\/omnisolveit.com.br\/wp-content\/uploads\/2024\/08\/pexels-johnpet-2115257-1024x696.jpg 1024w, https:\/\/omnisolveit.com.br\/wp-content\/uploads\/2024\/08\/pexels-johnpet-2115257-300x204.jpg 300w, https:\/\/omnisolveit.com.br\/wp-content\/uploads\/2024\/08\/pexels-johnpet-2115257-768x522.jpg 768w, https:\/\/omnisolveit.com.br\/wp-content\/uploads\/2024\/08\/pexels-johnpet-2115257-1536x1043.jpg 1536w, https:\/\/omnisolveit.com.br\/wp-content\/uploads\/2024\/08\/pexels-johnpet-2115257-2048x1391.jpg 2048w\" sizes=\"(max-width: 1024px) 100vw, 1024px\" \/>\t\t\t\t\t\t\t\t\t\t\t\t\t<\/div>\n\t\t\t\t<\/div>\n\t\t\t\t<div class=\"elementor-element elementor-element-db09fa9 elementor-widget elementor-widget-heading\" data-id=\"db09fa9\" data-element_type=\"widget\" data-widget_type=\"heading.default\">\n\t\t\t\t<div class=\"elementor-widget-container\">\n\t\t\t<h2 class=\"elementor-heading-title elementor-size-default\">Suporte T\u00e9cnico Especializado<\/h2>\t\t<\/div>\n\t\t\t\t<\/div>\n\t\t\t\t<div class=\"elementor-element elementor-element-c15c9ca elementor-widget elementor-widget-heading\" data-id=\"c15c9ca\" data-element_type=\"widget\" data-widget_type=\"heading.default\">\n\t\t\t\t<div class=\"elementor-widget-container\">\n\t\t\t<h2 class=\"elementor-heading-title elementor-size-default\">Atendimento Remoto e Presencial<\/h2>\t\t<\/div>\n\t\t\t\t<\/div>\n\t\t\t\t<div class=\"elementor-element elementor-element-c45ad23 elementor-widget elementor-widget-heading\" data-id=\"c45ad23\" data-element_type=\"widget\" data-widget_type=\"heading.default\">\n\t\t\t\t<div class=\"elementor-widget-container\">\n\t\t\t<h2 class=\"elementor-heading-title elementor-size-default\">Manuten\u00e7\u00e3o e Suporte Gamer<\/h2>\t\t<\/div>\n\t\t\t\t<\/div>\n\t\t\t\t<\/div>\n\t\t\t\t\t<\/div>\n\t\t\t\t<\/div>\n\t\t\t\t<\/div>\n\t\t","protected":false},"excerpt":{"rendered":"<p>Solu\u00e7\u00f5es em TI para todas as demandas Suporte T\u00e9cnico Especializado Atendimento Remoto e Presencial Manuten\u00e7\u00e3o e Suporte Gamer<\/p>\n","protected":false},"author":1,"featured_media":0,"parent":0,"menu_order":1,"comment_status":"closed","ping_status":"closed","template":"page-templates\/homepage.php","meta":{"footnotes":""},"class_list":["post-28","page","type-page","status-publish","hentry"],"_links":{"self":[{"href":"https:\/\/omnisolveit.com.br\/index.php\/wp-json\/wp\/v2\/pages\/28"}],"collection":[{"href":"https:\/\/omnisolveit.com.br\/index.php\/wp-json\/wp\/v2\/pages"}],"about":[{"href":"https:\/\/omnisolveit.com.br\/index.php\/wp-json\/wp\/v2\/types\/page"}],"author":[{"embeddable":true,"href":"https:\/\/omnisolveit.com.br\/index.php\/wp-json\/wp\/v2\/users\/1"}],"replies":[{"embeddable":true,"href":"https:\/\/omnisolveit.com.br\/index.php\/wp-json\/wp\/v2\/comments?post=28"}],"version-history":[{"count":26,"href":"https:\/\/omnisolveit.com.br\/index.php\/wp-json\/wp\/v2\/pages\/28\/revisions"}],"predecessor-version":[{"id":204,"href":"https:\/\/omnisolveit.com.br\/index.php\/wp-json\/wp\/v2\/pages\/28\/revisions\/204"}],"wp:attachment":[{"href":"https:\/\/omnisolveit.com.br\/index.php\/wp-json\/wp\/v2\/media?parent=28"}],"curies":[{"name":"wp","href":"https:\/\/api.w.org\/{rel}","templated":true}]}}