{"id":196,"date":"2025-07-31T19:32:46","date_gmt":"2025-07-31T22:32:46","guid":{"rendered":"https:\/\/omnisolveit.com.br\/?page_id=196"},"modified":"2025-08-14T15:40:04","modified_gmt":"2025-08-14T18:40:04","slug":"contato","status":"publish","type":"page","link":"https:\/\/omnisolveit.com.br\/index.php\/contato\/","title":{"rendered":"CONTATO"},"content":{"rendered":"\n<h2 class=\"wp-block-heading\">Vamos Conversar?<\/h2>\n\n\n\n<p>Se voc\u00ea est\u00e1 procurando uma <strong>equipe de TI confi\u00e1vel<\/strong>, com atendimento \u00e1gil, t\u00e9cnico e humanizado, est\u00e1 no lugar certo.<br>\ud83d\udcde Entre em contato com a gente e descubra como podemos <strong>simplificar o suporte e a gest\u00e3o de tecnologia da sua empresa.<\/strong><\/p>\n\n\n\n<p><\/p>\n\n\n\n<h2 class=\"wp-block-heading\">\u00c9 T\u00e9cnico de Field Service?<\/h2>\n\n\n\n<p>Se voc\u00ea \u00e9 um profissional comprometido, proativo e busca fazer parte de uma rede de especialistas em suporte t\u00e9cnico local, <strong>fale com a gente!<\/strong> Estamos sempre em busca de talentos para expandir nossa atua\u00e7\u00e3o em todo o Brasil.<\/p>\n\n\n\n<p>Fale conosco por WhatsApp ou por E-Mail<br>Estamos prontos para te atender \u2013 seja voc\u00ea um <strong>novo cliente<\/strong> ou um <strong>novo parceiro t\u00e9cnico<\/strong>.<\/p>\n\n\n\n<h2 class=\"wp-block-heading\">E-Mail<\/h2>\n\n\n\n<p>contato@omnisolveit.com.br<\/p>\n\n\n\n<h2 class=\"wp-block-heading\">WhatsApp<\/h2>\n\n\n\n<p>\ud83d\udcde11 96783-4448<\/p>\n\n\n\n<p><\/p>\n","protected":false},"excerpt":{"rendered":"<p>Vamos Conversar? Se voc\u00ea est\u00e1 procurando uma equipe de TI confi\u00e1vel, com atendimento \u00e1gil, t\u00e9cnico e humanizado, est\u00e1 no lugar certo.\ud83d\udcde Entre em contato com a gente e descubra como podemos simplificar o suporte e a gest\u00e3o de tecnologia da sua empresa. \u00c9 T\u00e9cnico de Field Service? Se voc\u00ea \u00e9 um profissional comprometido, proativo e [&hellip;]<\/p>\n","protected":false},"author":1,"featured_media":0,"parent":0,"menu_order":7,"comment_status":"closed","ping_status":"closed","template":"","meta":{"footnotes":""},"class_list":["post-196","page","type-page","status-publish","hentry"],"_links":{"self":[{"href":"https:\/\/omnisolveit.com.br\/index.php\/wp-json\/wp\/v2\/pages\/196"}],"collection":[{"href":"https:\/\/omnisolveit.com.br\/index.php\/wp-json\/wp\/v2\/pages"}],"about":[{"href":"https:\/\/omnisolveit.com.br\/index.php\/wp-json\/wp\/v2\/types\/page"}],"author":[{"embeddable":true,"href":"https:\/\/omnisolveit.com.br\/index.php\/wp-json\/wp\/v2\/users\/1"}],"replies":[{"embeddable":true,"href":"https:\/\/omnisolveit.com.br\/index.php\/wp-json\/wp\/v2\/comments?post=196"}],"version-history":[{"count":2,"href":"https:\/\/omnisolveit.com.br\/index.php\/wp-json\/wp\/v2\/pages\/196\/revisions"}],"predecessor-version":[{"id":214,"href":"https:\/\/omnisolveit.com.br\/index.php\/wp-json\/wp\/v2\/pages\/196\/revisions\/214"}],"wp:attachment":[{"href":"https:\/\/omnisolveit.com.br\/index.php\/wp-json\/wp\/v2\/media?parent=196"}],"curies":[{"name":"wp","href":"https:\/\/api.w.org\/{rel}","templated":true}]}}