{"id":18,"date":"2024-08-26T23:11:11","date_gmt":"2024-08-27T02:11:11","guid":{"rendered":"https:\/\/omnisolveit.com.br\/?page_id=18"},"modified":"2025-07-31T19:16:31","modified_gmt":"2025-07-31T22:16:31","slug":"home-2","status":"publish","type":"page","link":"https:\/\/omnisolveit.com.br\/index.php\/home-2\/","title":{"rendered":"NOSSOS SERVI\u00c7OS"},"content":{"rendered":"\n<h2 class=\"wp-block-heading\">Suporte T\u00e9cnico<\/h2>\n\n\n\n<p>Oferecemos servi\u00e7os especializados em instala\u00e7\u00e3o, rede, manuten\u00e7\u00e3o, troca e configura\u00e7\u00e3o de equipamentos e servidores e projetos tecnol\u00f3gicos de alto impacto<\/p>\n\n\n\n<h2 class=\"wp-block-heading\">Gest\u00e3o de Infraestrutura de TI<\/h2>\n\n\n\n<p>Configura\u00e7\u00e3o de redes locais e infraestrutura de comunica\u00e7\u00e3o, backup e recupera\u00e7\u00e3o de dados<\/p>\n\n\n\n<h2 class=\"wp-block-heading\">Seguran\u00e7a da Informa\u00e7\u00e3o<\/h2>\n\n\n\n<p>Analise de vulnerabilidades e implementa\u00e7\u00e3o de solu\u00e7\u00f5es de seguran\u00e7a. Firewall, antivirus e gerenciamento de amea\u00e7as.<\/p>\n\n\n\n<p><\/p>\n","protected":false},"excerpt":{"rendered":"<p>Suporte T\u00e9cnico Oferecemos servi\u00e7os especializados em instala\u00e7\u00e3o, rede, manuten\u00e7\u00e3o, troca e configura\u00e7\u00e3o de equipamentos e servidores e projetos tecnol\u00f3gicos de alto impacto Gest\u00e3o de Infraestrutura de TI Configura\u00e7\u00e3o de redes locais e infraestrutura de comunica\u00e7\u00e3o, backup e recupera\u00e7\u00e3o de dados Seguran\u00e7a da Informa\u00e7\u00e3o Analise de vulnerabilidades e implementa\u00e7\u00e3o de solu\u00e7\u00f5es de seguran\u00e7a. Firewall, antivirus e [&hellip;]<\/p>\n","protected":false},"author":1,"featured_media":0,"parent":0,"menu_order":3,"comment_status":"closed","ping_status":"closed","template":"","meta":{"footnotes":""},"class_list":["post-18","page","type-page","status-publish","hentry"],"_links":{"self":[{"href":"https:\/\/omnisolveit.com.br\/index.php\/wp-json\/wp\/v2\/pages\/18"}],"collection":[{"href":"https:\/\/omnisolveit.com.br\/index.php\/wp-json\/wp\/v2\/pages"}],"about":[{"href":"https:\/\/omnisolveit.com.br\/index.php\/wp-json\/wp\/v2\/types\/page"}],"author":[{"embeddable":true,"href":"https:\/\/omnisolveit.com.br\/index.php\/wp-json\/wp\/v2\/users\/1"}],"replies":[{"embeddable":true,"href":"https:\/\/omnisolveit.com.br\/index.php\/wp-json\/wp\/v2\/comments?post=18"}],"version-history":[{"count":5,"href":"https:\/\/omnisolveit.com.br\/index.php\/wp-json\/wp\/v2\/pages\/18\/revisions"}],"predecessor-version":[{"id":189,"href":"https:\/\/omnisolveit.com.br\/index.php\/wp-json\/wp\/v2\/pages\/18\/revisions\/189"}],"wp:attachment":[{"href":"https:\/\/omnisolveit.com.br\/index.php\/wp-json\/wp\/v2\/media?parent=18"}],"curies":[{"name":"wp","href":"https:\/\/api.w.org\/{rel}","templated":true}]}}